{"id":8,"date":"2026-01-02T14:02:30","date_gmt":"2026-01-02T14:02:30","guid":{"rendered":"https:\/\/dios.ar\/?page_id=8"},"modified":"2026-03-12T07:01:22","modified_gmt":"2026-03-12T07:01:22","slug":"mi-testimonio-de-fe","status":"publish","type":"page","link":"https:\/\/dios.ar\/","title":{"rendered":"Dios &#8211; Mi testimonio de f\u00e9"},"content":{"rendered":"<figure class=\"wp-block-image size-large\"><img loading=\"lazy\" decoding=\"async\" class=\"wp-image-77\" src=\"https:\/\/diostestimonio.wordpress.com\/wp-content\/uploads\/2024\/04\/dios_17431661380666524498.jpg?w=682\" sizes=\"auto, (max-width: 682px) 100vw, 682px\" srcset=\"https:\/\/diostestimonio.wordpress.com\/wp-content\/uploads\/2024\/04\/dios_17431661380666524498.jpg?w=682 682w, https:\/\/diostestimonio.wordpress.com\/wp-content\/uploads\/2024\/04\/dios_17431661380666524498.jpg?w=100 100w, https:\/\/diostestimonio.wordpress.com\/wp-content\/uploads\/2024\/04\/dios_17431661380666524498.jpg?w=200 200w, https:\/\/diostestimonio.wordpress.com\/wp-content\/uploads\/2024\/04\/dios_17431661380666524498.jpg?w=768 768w, https:\/\/diostestimonio.wordpress.com\/wp-content\/uploads\/2024\/04\/dios_17431661380666524498.jpg 1333w\" alt=\"\" width=\"682\" height=\"1023\" data-attachment-id=\"77\" data-permalink=\"https:\/\/diostestimonio.wordpress.com\/2024\/04\/07\/dios-2\/dios_17431661380666524498\/\" data-orig-file=\"https:\/\/diostestimonio.wordpress.com\/wp-content\/uploads\/2024\/04\/dios_17431661380666524498.jpg\" data-orig-size=\"1333,2000\" data-comments-opened=\"1\" data-image-meta=\"{&quot;aperture&quot;:&quot;0&quot;,&quot;credit&quot;:&quot;&quot;,&quot;camera&quot;:&quot;&quot;,&quot;caption&quot;:&quot;&quot;,&quot;created_timestamp&quot;:&quot;0&quot;,&quot;copyright&quot;:&quot;&quot;,&quot;focal_length&quot;:&quot;0&quot;,&quot;iso&quot;:&quot;0&quot;,&quot;shutter_speed&quot;:&quot;0&quot;,&quot;title&quot;:&quot;&quot;,&quot;orientation&quot;:&quot;1&quot;}\" data-image-title=\"dios_17431661380666524498\" data-image-description=\"\" data-image-caption=\"\" data-medium-file=\"https:\/\/diostestimonio.wordpress.com\/wp-content\/uploads\/2024\/04\/dios_17431661380666524498.jpg?w=200\" data-large-file=\"https:\/\/diostestimonio.wordpress.com\/wp-content\/uploads\/2024\/04\/dios_17431661380666524498.jpg?w=682\" \/><\/figure>\n<figure class=\"wp-block-image size-large\"><img loading=\"lazy\" decoding=\"async\" class=\"alignnone size-medium wp-image-41\" src=\"https:\/\/dios.ar\/wp-content\/uploads\/2026\/01\/20250520_184631-248x300.jpg\" alt=\"\" width=\"248\" height=\"300\" srcset=\"https:\/\/dios.ar\/wp-content\/uploads\/2026\/01\/20250520_184631-248x300.jpg 248w, https:\/\/dios.ar\/wp-content\/uploads\/2026\/01\/20250520_184631-846x1024.jpg 846w, https:\/\/dios.ar\/wp-content\/uploads\/2026\/01\/20250520_184631-768x930.jpg 768w, https:\/\/dios.ar\/wp-content\/uploads\/2026\/01\/20250520_184631-1269x1536.jpg 1269w, https:\/\/dios.ar\/wp-content\/uploads\/2026\/01\/20250520_184631-1691x2048.jpg 1691w, https:\/\/dios.ar\/wp-content\/uploads\/2026\/01\/20250520_184631-1568x1899.jpg 1568w\" sizes=\"auto, (max-width: 248px) 100vw, 248px\" \/><figcaption class=\"wp-element-caption\">Natalia Fernandez<\/figcaption><\/figure>\n<p>&nbsp;<\/p>\n<p><strong><u>Sinopsis<\/u><\/strong><\/p>\n<p>Por pedido de Dios es que escribo este libro, en el cual narro las experiencias y visiones recibidas de parte de \u00c9l y de Jes\u00fas desde ni\u00f1a.<\/p>\n<p>&nbsp;<\/p>\n<p><strong>\u00cdNDICE DE VISIONES<\/strong><\/p>\n<p>CAP\u00cdTULO 1<\/p>\n<p>Visi\u00f3n del a\u00f1o 2010 (a mis 7 a\u00f1os)<\/p>\n<p>A\u00f1o 2010 Encuentro con el Esp\u00edritu Santo (a mis 39 a\u00f1os) y la Nueva Tierra<\/p>\n<p>El don de sanaci\u00f3n<\/p>\n<p>El fin del mundo y la Nueva Tierra<\/p>\n<p>La crucifixi\u00f3n<\/p>\n<p>La Nueva Tierra<\/p>\n<p>Arrepentirme de mis pecados<\/p>\n<p>Veo a Dios en el trono<\/p>\n<p>El miedo de Jes\u00fas y la voz del cielo<\/p>\n<p>Un \u00e1ngel me fortalece<\/p>\n<p>&nbsp;<\/p>\n<p>CAP\u00cdTULO 2<\/p>\n<p>Arrepentimiento<\/p>\n<p>El purgatorio<\/p>\n<p>El cielo<\/p>\n<p>El infierno<\/p>\n<p>Los libros<\/p>\n<p>El lago de fuego<\/p>\n<p>Corazones manchados<\/p>\n<p>El abandono de Dios a Jes\u00fas en la cruz<\/p>\n<p>El d\u00eda y la hora del fin solo lo sabe Dios<\/p>\n<p>Como ladr\u00f3n en la noche<\/p>\n<p style=\"text-align: left;\">Los elegidos ser\u00e1n llamados antes del fin<\/p>\n<p>El que me ha visto a mi, ha visto al Padre<\/p>\n<p>&nbsp;<\/p>\n<p><strong><u>Pr\u00f3logo<\/u><\/strong><\/p>\n<p>Que este libro ayude a la humanidad a\u00a0<strong>arrepentirse de sus pecados,<\/strong>\u00a0para poder ser salvos e<strong>\u00a0ir al cielo o pasar a la Nueva Tierra.<\/strong><\/p>\n<p>Mateo 4: 17, 2 Pedro 3: 13, Juan 14:2, Apocalipsis 16:15-16<\/p>\n<p>&nbsp;<\/p>\n<p><strong><u>Cu\u00e1ndo dar a conocer<\/u><\/strong><\/p>\n<p>En el a\u00f1o 2017 (despu\u00e9s de recibir todas las visiones), recib\u00ed otra visi\u00f3n: sobre fondo negro\u00a0<strong>el<\/strong>\u00a0<strong>n\u00famero 50, blanco luminoso,\u00a0<\/strong>que indicaba\u00a0<strong>la edad en que tendr\u00eda que comunicar las experiencias y visiones recibidas.<\/strong><\/p>\n<p>1ra. Corintios 12:10<\/p>\n<p>&nbsp;<\/p>\n<p><strong><u>Escribir un libro<\/u><\/strong><\/p>\n<p>Al poco tiempo, una noche tuve un sue\u00f1o, en el cual\u00a0<strong>sosten\u00eda un libro<\/strong>\u00a0<strong>blanco en la mano y en su tapa decia: Dios<\/strong>, mientras le contaba a un amigo, que\u00a0<strong>Dios me hab\u00eda pedido que escriba un libro.<\/strong><\/p>\n<p>1ra. Corintios 14: 37<\/p>\n<p>&nbsp;<\/p>\n<p><strong>CAP\u00cdTULO 1<\/strong><\/p>\n<p><strong><u>Visi\u00f3n del a\u00f1o 2010 (a mis 7 a\u00f1os)<\/u><\/strong><\/p>\n<p>Cuando era una ni\u00f1a, tuve una visi\u00f3n: sobre fondo negro <strong>una ruta blanca luminosa que asciend\u00eda y terminaba con una l\u00ednea transversal y arriba de ella el n\u00famero 2010.\u00a0<\/strong>Sent\u00ed que Dios me queria decir que\u00a0<strong>el fin del mundo estaba cerca y que algo pasaria en el a\u00f1o 2010.<\/strong><\/p>\n<p>&nbsp;<\/p>\n<p style=\"text-align: left;\"><strong>El a\u00f1o 2010 El encuentro con el Esp\u00edritu Santo (a mis 39 a\u00f1os) y la Nueva Tierra<\/strong><\/p>\n<p>Est\u00e1bamos en una plaza, mientras mi hija jugaba, cuando sent\u00ed que el Esp\u00edritu Santo entraba en mi\u2026 y siento una paz especial y\u00a0<strong>empiezo a ver como la plaza se tranforma en la Nueva Tierra<\/strong>. La gente era buena\u2026 reinaba el amor all\u00ed\u00a0<strong>(reviv\u00ed estar en la Nueva Tierra).<\/strong><\/p>\n<p style=\"text-align: left;\">Al ratito, mi hija se quebr\u00f3 la mu\u00f1eca y\u00a0<strong>fuimos al hospital de ni\u00f1os, <\/strong>donde recib\u00ed el <strong>Don de sanaci\u00f3n <\/strong><strong>y san\u00e9 a varios ni\u00f1os <\/strong>de la sala (les enviaba la energ\u00eda sanadora de mi coraz\u00f3n)\u00a0<strong>invocando a Dios y pidiendo ayuda a los \u00e1ngeles.<\/strong><\/p>\n<p>1ra. Corintios 12:9<\/p>\n<p>Mateo 26:53<\/p>\n<p>&nbsp;<\/p>\n<p><strong>El fin del mundo y la Nueva Tierra<\/strong><\/p>\n<p>La noche siguiente tuve una\u00a0<strong>visi\u00f3n del fin del mundo<\/strong>\u00a0(ve\u00eda una gran tormenta sobre una ciudad) y la\u00a0<strong>Nueva Tierra<\/strong> (un prado con arboles al fondo).<\/p>\n<p>Lucas 1: 26-38<\/p>\n<p>&nbsp;<\/p>\n<p><strong>La crucifixi\u00f3n<\/strong><\/p>\n<p>M\u00e1s tarde revivo\u00a0<strong>la crucifixi\u00f3n de Jes\u00fas<\/strong>\u00a0(estando recostada con los pies cruzados y los brazos extendidos,\u00a0\u00a0<strong>sent\u00eda martillasos en los pies)<\/strong>. Sent\u00ed que\u00a0<strong>Dios estaba muy cerca m\u00edo y yo le dec\u00eda que estaba dispuesta a hacer su voluntad en la misi\u00f3n que me encomiende.<\/strong><\/p>\n<p>Lucas 23:26-56<\/p>\n<p>&nbsp;<\/p>\n<p><strong>La Nueva Tierra<\/strong><\/p>\n<p>Al otro d\u00eda tengo una gran visi\u00f3n de la\u00a0<strong>Nueva Tierra:<\/strong>\u00a0Un prado con mucha gente, mientras escuchaba al Esp\u00edritu Santo decir \u201c<strong>ya llega, ya llega\u201d.<\/strong><\/p>\n<p>&nbsp;<\/p>\n<p><strong>Arrepentirme de mis pecados<\/strong><\/p>\n<p>Seguidamente el Esp\u00edritu Santo me pide que me arrepienta de mis pecados, y as\u00ed fue.<\/p>\n<p>&nbsp;<\/p>\n<p><strong>Veo a Dios en el trono<\/strong><\/p>\n<p>Estando en la casa de mi madre (donde viv\u00edamos)\u00a0<strong>veo<\/strong>\u00a0<strong>en el cielo a Dios sentado en el trono<\/strong>\u2026 no ve\u00eda su rostro (era de color dorado trasl\u00facido). Fue hermoso.<\/p>\n<p>Mateo 23:22<\/p>\n<p>&nbsp;<\/p>\n<p><strong>El miedo de Jes\u00fas y la voz del cielo<\/strong><\/p>\n<p>Una tarde estaba con mucho\u00a0<strong>miedo a ser crucificada\u00a0<\/strong>(ya que reviv\u00ed la crucifixi\u00f3n en el hospital)\u2026 y escucho una voz del cielo detr\u00e1s de mi espalda que dice:\u00a0<strong>\u201cCordero de Dios, que quita los pecados del mundo\u201d<\/strong>. Eso me di\u00f3 m\u00e1s miedo\u2026 saber que iba a tener que pasar por la crucifixi\u00f3n para salvar a la humanidad (<strong>estaba reviviendo el miedo que tuvo Jes\u00fas)<\/strong>.<\/p>\n<p>&nbsp;<\/p>\n<p><strong>Un \u00e1ngel me fortalece<\/strong><\/p>\n<p>Una tarde estaba recostada y segu\u00eda con \u00a0mucho miedo a ser crucificada,\u00a0<strong>cuando<\/strong>\u00a0<strong>siento un golpe en el brazo izquierdo<\/strong>\u2026 mir\u00e9 a ver qui\u00e9n era y v\u00ed a un\u00a0<strong>\u00e1ngel dorado trasl\u00facido con el cabello ondulado y sin alas, era muy alto, sent\u00ed que ven\u00eda a fortalecerme. Me sent\u00ed mucho mejor con su compa\u00f1ia.\u00a0<\/strong>A\u00a0<strong>Jes\u00fas<\/strong>\u00a0tambi\u00e9n se le present\u00f3 un \u00e1ngel en el monte de los olivos,\u00a0<strong>antes de la crucifixi\u00f3n para fortalecerlo.<\/strong>\u00a0Yo estaba reviviendo esa parte de su vida.<\/p>\n<p>Lucas 22:43<\/p>\n<p>&nbsp;<\/p>\n<p><strong>CAP\u00cdTULO 2<\/strong><\/p>\n<p><strong>A\u00f1o 2011 Arrepentimiento<\/strong><\/p>\n<p>Una tarde sent\u00ed la necesidad de\u00a0<strong>arrepentirme y pedir perd\u00f3n\u00a0<\/strong>a mi madre e hija. Nos pedimos perd\u00f3n mutuamente por cosas pasadas.<\/p>\n<p>&nbsp;<\/p>\n<p><strong>El purgatorio<\/strong><\/p>\n<p>M\u00e1s tarde\u00a0<strong>Dios me env\u00eda al purgatorio.<\/strong>\u00a0Estaba recostada en mi cama de la casilla rodante y\u00a0<strong>empiezo a ver caras burlonas en el techo.<\/strong>\u00a0Cada una me mostraba un\u00a0<strong>pecado<\/strong>\u00a0distinto. Le dije a mi madre: \u00ab<strong>Estoy en el purgatorio<\/strong>\u00a0y ella me crey\u00f3 y se retir\u00f3\u00bb. Me enfrent\u00e9 conmigo misma, con quien era o habia sido realmente.\u00a0<strong>Sent\u00ed el abandono de Dios, \u00c9l no estaba conmigo all\u00ed. Sent\u00eda fuego en mi pecho. Me sent\u00ed muy triste y avergonzada. A medida que lloraba y me arrepent\u00eda ven\u00edan otras caras y me mostraban otros pecados.\u00a0<\/strong>Cuando termin\u00e9 pude estar en la<strong>\u00a0presencia de Dios nuevamente y todo volvi\u00f3 a la normalidad.<\/strong><\/p>\n<p>Lucas 12:58-59<\/p>\n<p>&nbsp;<\/p>\n<p><strong>A\u00f1o 2014 El cielo<\/strong><\/p>\n<p>Una tarde le ped\u00ed a Dios ver el cielo, cierro los ojos y<strong>\u00a0vi en el cielo, unas nubes blancas iluminadas. Me encontr\u00e9 con mis familiares fallecidos, despu\u00e9s vi a Dios y a los \u00e1ngeles frente al trono.<\/strong><\/p>\n<p>Lucas 14: 1-3<\/p>\n<p>&nbsp;<\/p>\n<p><strong>A\u00f1o 2017 El infierno<\/strong><\/p>\n<p>Una tarde le ped\u00ed a Jes\u00fas ver el infierno, cerr\u00e9 los ojos y\u00a0<strong>vi a Jes\u00fas en la puerta del infierno. Me dej\u00f3 pasar y v\u00ed un horno con fuego, y el piso era de barro y gusanos.\u00a0<\/strong>Gracias Se\u00f1or Jes\u00fas.<\/p>\n<p>Mateo 23:33, Mateo 13:47-52<\/p>\n<p>&nbsp;<\/p>\n<p><strong>Los libros<\/strong><\/p>\n<p>Al otro d\u00eda estando despierta tengo una visi\u00f3n del\u00a0<strong>Se\u00f1or Jes\u00fas mostr\u00e1ndome los libros\u2026 donde est\u00e1n escritos nuestros pecados.<\/strong><\/p>\n<p>Apocalipsis 20: 12<\/p>\n<p>&nbsp;<\/p>\n<p><strong>El lago de fuego<\/strong><\/p>\n<p>Una tarde, me estaba despertando\u2026 y\u00a0<strong>veo la orilla del lago de fuego.<\/strong><\/p>\n<p>Apocalipsis 20:14<\/p>\n<p>&nbsp;<\/p>\n<p><strong>Los corazones manchados<\/strong><\/p>\n<p>Un d\u00eda fui a una Iglesia Cat\u00f3lica y el cura me toc\u00f3 la cabeza\u2026 y tuve una\u00a0<strong>visi\u00f3n de mi coraz\u00f3n espiritual con 2 manchitas negras que representaban mis 2 pecados por los cuales ten\u00eda que arrepentirme.<\/strong><\/p>\n<p>Mateo 5: 8<\/p>\n<p>&nbsp;<\/p>\n<p><u><strong>El abandono de Dios a Jes\u00fas en la cruz<\/strong><\/u><\/p>\n<p>Era una noche de mucha neblina, y yo estaba recostada y sent\u00ed que\u00a0<strong>Dios no estaba conmigo, me hab\u00eda abandonado.\u00a0<\/strong>Entonces dije: \u00ab<strong>Padre, por qu\u00e9 me has abandonado<\/strong>\u00ab. Luego tengo la visi\u00f3n del rostro del Se\u00f1or\u00a0<strong>Jes\u00fas con la corona de espinas en la cruz<\/strong>\u00a0(reviv\u00ed esa parte de su vida). Luego volv\u00ed a estar en contacto con Dios nuevamente. Gracias Dios Padre.<\/p>\n<p>Mateo 27:46<\/p>\n<p>&nbsp;<\/p>\n<p><strong><u>Solo Dios sabe el d\u00eda y la hora del fin<\/u><\/strong><\/p>\n<p>Dios hace coincidir una\u00a0<strong>d\u00eda y una hora en tres acontecimientos de mi vida,<\/strong>\u00a0en muertes de familiares y el final de mi matrimonio.<\/p>\n<p>1.\u00a0<strong>A\u00f1o 2004 La aparici\u00f3n de Jes\u00fas<\/strong><\/p>\n<p><strong>Mi padre se estaba ahogando acostado en una cama de hospital.<\/strong>\u00a0Me siento a su lado con una silla.\u00a0<strong>Derrepente le cambia la cara, era Jes\u00fas<\/strong>. Se lo ve\u00eda blanco luminoso. Mi madre y mi hermana tambi\u00e9n lo vieron.\u00a0<strong>Cuando mi padre muere le vuelve su cara. Yo ten\u00eda 33 a\u00f1os y era el 7 de junio de 2004 a las 23:45 hs.<\/strong><\/p>\n<p>2.\u00a0<strong>Cuando tenia 16 a\u00f1os<\/strong>\u00a0muere mi abuelo ese mismo d\u00eda y hora\u2026 el<strong>\u00a07 de junio a las 23:45 hs.\u00a0<\/strong>Le pidi\u00f3 ayuda a un vecino, pero \u00e9l no pudo ayudarlo.<\/p>\n<p>3.\u00a0<strong>A\u00f1o 2006<\/strong><\/p>\n<p>En el momento que me separo de mi marido (ahora estoy divorciada) se repite la misma coincidencia de d\u00eda y hora\u2026 el<strong>\u00a07 de junio a las 23:45 hs.<\/strong><\/p>\n<p>Eso me sorprendi\u00f3,\u00a0<strong>solo Dios pod\u00eda haber hecho eso<\/strong>.<\/p>\n<p>Mateo 24: 36-51<\/p>\n<p>&nbsp;<\/p>\n<p><strong><u>El d\u00eda del Se\u00f1or vendr\u00e1 como ladr\u00f3n en la noche, sin avisar<\/u><\/strong><\/p>\n<p>Una tarde,\u00a0<strong>vino de sorpresa mi ex marido; con mi hija nos asustamos\u2026 ya que vino sin avisar, como ladr\u00f3n en la noche.<\/strong><\/p>\n<p>2 Pedro 3: 10-12<\/p>\n<p>1 Tesalonisenses 5:2<\/p>\n<p>Mateo 24:44<\/p>\n<p>&nbsp;<\/p>\n<p><strong>A\u00f1o 2004 Los escogidos ser\u00e1n llamados antes del fin<\/strong><\/p>\n<p>Justo\u00a0<strong>antes de morir<\/strong>\u00a0mi padre (Jes\u00fas iluminado)\u2026 mi hermana se tira arriba del tel\u00e9fono y\u00a0<strong>empieza a llamar a todos mis familiares<\/strong>\u2026 avisando que se estaba muriendo (<strong>avisaba<\/strong>\u00a0<strong>que ven\u00eda el fin, llamaba a los escogidos\u2026\u00a0<\/strong>estaba reviviendo esa parte de la biblia)<strong>.<\/strong><\/p>\n<p style=\"text-align: left;\">1 Tesalonisenses 4:17<\/p>\n<p>&nbsp;<\/p>\n<p><b>\u00abEl que me ha visto a mi, ha visto al Padre\u00bb<\/b><\/p>\n<p>Yo siempre ve\u00eda a Dios pero no su rostro. Un d\u00eda le ped\u00ed si pod\u00eda ver su cara. Al otro d\u00eda voy al centro y compro una estampita del Jes\u00fas misericordioso. Vuelvo a casa y hablo nuevamente con Dios\u2026 y puedo ver su rostro: era igual que el Jes\u00fas misericordioso (porque Jes\u00fas es Dios; Jehova es un Dios trino&#8230;Padre, Hijo y Esp\u00edritu Santo) en un color dorado transl\u00facido. Me sorprend\u00ed, cre\u00ed que morir\u00eda por verlo, pero no. Fue hermoso!<\/p>\n<p>A los pocos d\u00edas fui al centro, y veo en el cielo a Dios sentado en el trono con la cara del Jes\u00fas misericordioso, en un color dorado transl\u00facido. \u00a1Fue incre\u00edble! Gracias Padre.<\/p>\n<p style=\"text-align: left;\">Y Jes\u00fas dijo: \u201cEl que me ha visto a mi, ha visto al Padre\u201d.<\/p>\n<p>Juan 14:9<!--\/data\/user\/0\/com.samsung.android.app.notes\/files\/clipdata\/clipdata_bodytext_260128_171649_333.sdocx--><\/p>\n<p>\u2026\u2026\u2026\u2026\u2026.<\/p>\n<p>&nbsp;<\/p>\n<p><strong><u>Padre nuestro<\/u><\/strong><\/p>\n<p>Padre nuestro que est\u00e1s en el cielo, santificado sea tu nombre, venga a nosotros tu reino, h\u00e1gase tu voluntad as\u00ed en la tierra como en el cielo, danos hoy nuestro pan de cada d\u00eda, y perdona nuestros pecados como as\u00ed nosotros perdonamos a nuestros enemigos, no nos dejes caer en la tentaci\u00f3n, mas l\u00edbranos del mal.<\/p>\n<p>Tuyo es el reino, tuyo es el poder y la gloria, por siempre.<\/p>\n<p>Am\u00e9n.<\/p>\n<p>&nbsp;<\/p>\n<p><strong>Agradecimiento<\/strong><\/p>\n<p>Gracias a\u00a0<strong>Dios Padre, al Se\u00f1or Jes\u00fas y al Esp\u00edritu Santo por sus ense\u00f1anzas<\/strong>. Gracias Padre por elegirme para cumplir una misi\u00f3n ac\u00e1 en la tierra\u2026 aunque no siento que lo merezca, ya que he sido pecadora, pero gracias al Se\u00f1or Jes\u00fas que di\u00f3 la vida por nosotros,\u00a0<strong>si nos arrepentimos, nuestros pecados nos son perdonados.<\/strong><\/p>\n<p>Am\u00e9n<\/p>\n<p>&nbsp;<\/p>\n<p><strong>Referencias<\/strong><\/p>\n<p>Biblia Reina Valera 1960<\/p>\n","protected":false},"excerpt":{"rendered":"<p>Natalia Fernandez &nbsp; Sinopsis Por pedido de Dios es que escribo este libro, en el cual narro las experiencias y visiones recibidas de parte de \u00c9l y de Jes\u00fas desde ni\u00f1a. &nbsp; \u00cdNDICE DE VISIONES CAP\u00cdTULO 1 Visi\u00f3n del a\u00f1o 2010 (a mis 7 a\u00f1os) A\u00f1o 2010 Encuentro con el Esp\u00edritu Santo (a mis 39&hellip; <a class=\"more-link\" href=\"https:\/\/dios.ar\/\">Seguir leyendo <span class=\"screen-reader-text\">Dios &#8211; Mi testimonio de f\u00e9<\/span><\/a><\/p>\n","protected":false},"author":1,"featured_media":0,"parent":0,"menu_order":0,"comment_status":"closed","ping_status":"closed","template":"","meta":{"footnotes":""},"class_list":["post-8","page","type-page","status-publish","hentry","entry"],"_links":{"self":[{"href":"https:\/\/dios.ar\/index.php?rest_route=\/wp\/v2\/pages\/8","targetHints":{"allow":["GET"]}}],"collection":[{"href":"https:\/\/dios.ar\/index.php?rest_route=\/wp\/v2\/pages"}],"about":[{"href":"https:\/\/dios.ar\/index.php?rest_route=\/wp\/v2\/types\/page"}],"author":[{"embeddable":true,"href":"https:\/\/dios.ar\/index.php?rest_route=\/wp\/v2\/users\/1"}],"replies":[{"embeddable":true,"href":"https:\/\/dios.ar\/index.php?rest_route=%2Fwp%2Fv2%2Fcomments&post=8"}],"version-history":[{"count":54,"href":"https:\/\/dios.ar\/index.php?rest_route=\/wp\/v2\/pages\/8\/revisions"}],"predecessor-version":[{"id":14,"href":"https:\/\/dios.ar\/index.php?rest_route=\/wp\/v2\/pages\/8\/revisions\/14"}],"wp:attachment":[{"href":"https:\/\/dios.ar\/index.php?rest_route=%2Fwp%2Fv2%2Fmedia&parent=8"}],"curies":[{"name":"wp","href":"https:\/\/api.w.org\/{rel}","templated":true}]}}